{"id":17405,"date":"2023-01-17T13:06:18","date_gmt":"2023-01-17T13:06:18","guid":{"rendered":"https:\/\/synt3.com\/empresa\/"},"modified":"2023-02-27T10:57:20","modified_gmt":"2023-02-27T10:57:20","slug":"empresa","status":"publish","type":"page","link":"https:\/\/synt3.com\/es\/empresa\/","title":{"rendered":"Empresa"},"content":{"rendered":"<h1>Empresa \u2022 Historia<\/h1>\n<h1>M\u00e1s de 50 a\u00f1os de experiencia en la realizaci\u00f3n de materiales en PU<\/h1>\n<div>\n<p>        <img decoding=\"async\" src=\"\/wp-content\/uploads\/2023\/01\/azienda-01.jpg\" alt=\"La planta de producci\u00f3n de Erba\"><\/p>\n<p>La planta de producci\u00f3n de Erba<\/p>\n<\/div>\n<h2>C\u00f3mo es Synt3<sup>\u00ae<\/sup> ahora<\/h2>\n<div>\n<p>Hasta ahora Synt3<sup>\u00ae<\/sup> Srl ha agrupado 3 unidades de fabricaci\u00f3n integradas por completo con un personal de m\u00e1s de 100 personas y con una producci\u00f3n anual de unos millones de metros lineares. Nuestro almac\u00e9n se desarrolla por <strong>m\u00e1s de 500mq<\/strong> y cuenta con tecnolog\u00edas de automatizaci\u00f3n que contribuyen a la pronta disponibilidad de un gran stock, tanto para los grandes como para los peque\u00f1os volumenes.<\/p>\n<p>Nuestra red comercial se extiende por <strong>70 paises<\/strong> ofreciendo un servicio integral, caracterizado por la rapidez, la atenci\u00f3n y el servicio de corte. Apostamos por la innovaci\u00f3n, por lo que seguimos renovando las tecnolog\u00edas de producci\u00f3n en la seguridad y en la ecolog\u00eda. Todas nuestras plantas cuentan con instalaciones modern\u00edsimas que permiten la reducci\u00f3n del gasto energ\u00e9tico y la recuperaci\u00f3n de energ\u00eda y materias primas. Durante todo el proceso productivo logramos garantizar as\u00ed una gesti\u00f3n completa de las emisiones y la reutilizaci\u00f3n de los recursos de base.<\/p>\n<\/div>\n<h2>Las etapas principales de la empresa<\/h2>\n<div>\n<p>En 1971 nace Synt3<sup>\u00ae<\/sup> y la producci\u00f3n de tejidos recubiertos en poliuretano en bases textiles.<br \/>\nEn 1977, con la llegada del metodo innovador de la coagulaci\u00f3n, decidimos invertir en esta<br \/>\ntecnolog\u00eda emergente y abrimos una nueva planta. Al mismo tiempo inclu\u00edmos en la empresa la marca prestigiosa de \u201cLASKINA<sup>\u00ae<\/sup>\u201d, garant\u00eda de<br \/>\nproductos realizados con pol\u00edmeros originados al 100% del poliuretano.\n<\/p>\n<p>En 2001 desplazamos la empresa en la nueva sede donde ampliamos nuestra dotaci\u00f3n con una<br \/>\nmayor gama de maquinarias de \u00faltima generaci\u00f3n.\n<\/p>\n<p>En 2003 empieza la construcci\u00f3n de una tercera planta con una instalaci\u00f3n de coagulaci\u00f3n<br \/>\nadicional concebida seg\u00fan los rasgos de innovaci\u00f3n.<\/p><\/div>\n<div>\n<p>        <img decoding=\"async\" src=\"\/wp-content\/uploads\/2023\/01\/azienda-04.jpg\" alt=\"Synt3\"><\/p>\n<\/div>\n<ul>\n<li>\n<p>        <img decoding=\"async\" src=\"\/wp-content\/uploads\/2023\/01\/azienda-03.jpg\" alt=\"Synt3\"><\/p>\n<\/li>\n<li>\n<p>        <img decoding=\"async\" src=\"\/wp-content\/uploads\/2023\/01\/azienda-02.jpg\" alt=\"Synt3\"><\/p>\n<\/li>\n<\/ul>\n<h2>Descubre los usos de los productos Synt3<sup>\u00ae<\/sup><\/h2>\n<ul>\n<li>\n<h3>Encuadernaci\u00f3n<\/h3>\n<p><a href=\"\/es\/usos\/#Encuadernacion\"><\/a><\/p>\n<\/li>\n<li>\n<h3>Hosteler\u00eda<\/h3>\n<p><a href=\"\/es\/usos\/#Hosteleria\"><\/a><\/p>\n<\/li>\n<li>\n<h3>Embalaje<\/h3>\n<p><a href=\"\/es\/usos\/#Embalaje\"><\/a><\/p>\n<\/li>\n<li>\n<h3>Empaque de lujo<\/h3>\n<p><a href=\"\/es\/usos\/#Empaque-de-lujo\"><\/a><\/p>\n<\/li>\n<li>\n<h3>Marroquiner\u00eda<\/h3>\n<p><a href=\"\/es\/usos\/#Marroquineria\"><\/a><\/p>\n<\/li>\n<li>\n<h3>Calzado<\/h3>\n<p><a href=\"\/es\/usos\/#calzado\"><\/a><\/p>\n<\/li>\n<li>\n<h3>Calzado seguridad<\/h3>\n<p><a href=\"\/es\/usos\/#Calzado-seguridad\"><\/a><\/p>\n<\/li>\n<li>\n<h3>Papeler\u00eda<\/h3>\n<p><a href=\"\/es\/usos\/#Papeleria\"><\/a><\/p>\n<\/li>\n<\/ul>\n<p><!--more--><br \/>\n<!-- {\"type\":\"layout\",\"children\":[{\"name\":\"Hero\",\"type\":\"section\",\"props\":{\"animation\":\"fade\",\"css\":\".el-section{\\n    background-image:linear-gradient(to bottom, rgb(255 255 255 \\\/ 0%) 0%,#fff 100%);\\n}\",\"header_transparent\":\"dark\",\"image\":\"wp-content\\\/uploads\\\/2023\\\/01\\\/hero-01.jpg\",\"image_loading\":true,\"image_position\":\"bottom-center\",\"image_size\":\"cover\",\"padding\":\"large\",\"padding_remove_top\":false,\"style\":\"muted\",\"title_breakpoint\":\"xl\",\"title_position\":\"top-left\",\"title_rotation\":\"left\",\"vertical_align\":\"middle\",\"width\":\"default\"},\"children\":[{\"name\":\"\",\"type\":\"row\",\"props\":{\"margin\":\"xlarge\",\"width\":\"default\"},\"children\":[{\"name\":\"\",\"type\":\"column\",\"props\":{\"image_position\":\"center-center\",\"media_overlay_gradient\":\"\",\"position_sticky_breakpoint\":\"m\",\"width_medium\":\"1-1\"},\"children\":[{\"name\":\"\",\"type\":\"headline\",\"props\":{\"content\":\"Empresa \\u2022 Historia\",\"text_align\":\"center\",\"title_element\":\"h1\",\"title_style\":\"h6\"}},{\"name\":\"\",\"type\":\"headline\",\"props\":{\"block_align\":\"center\",\"content\":\"M\\u00e1s de 50 a\\u00f1os de experiencia en la realizaci\\u00f3n de materiales en PU\",\"margin\":\"small\",\"margin_remove_bottom\":true,\"text_align\":\"center\",\"title_element\":\"h1\",\"title_style\":\"heading-large\"}},{\"name\":\"\",\"type\":\"divider\",\"props\":{\"divider_align\":\"center\",\"divider_element\":\"div\",\"divider_style\":\"small\",\"margin\":\"medium\"}}]}]}]},{\"name\":\"History\",\"type\":\"section\",\"props\":{\"animation\":\"fade\",\"image\":\"\",\"image_fixed\":false,\"image_position\":\"top-right\",\"padding\":\"large\",\"padding_remove_top\":true,\"style\":\"default\",\"title_breakpoint\":\"xl\",\"title_position\":\"top-left\",\"title_rotation\":\"left\",\"vertical_align\":\"middle\",\"width\":\"default\"},\"children\":[{\"name\":\"\",\"type\":\"row\",\"props\":{\"divider\":false,\"layout\":\"1-2,1-2\"},\"children\":[{\"name\":\"\",\"type\":\"column\",\"props\":{\"image_position\":\"center-center\",\"media_overlay_gradient\":\"\",\"position_sticky_breakpoint\":\"m\",\"width_small\":\"1-2\"},\"children\":[{\"name\":\"\",\"type\":\"panel\",\"props\":{\"content\":\"\",\"content_column_breakpoint\":\"m\",\"icon_width\":80,\"image\":\"wp-content\\\/uploads\\\/2023\\\/01\\\/azienda-01.jpg\",\"image_align\":\"top\",\"image_alt\":\"La planta de producci\\u00f3n de Erba\",\"image_grid_breakpoint\":\"m\",\"image_grid_width\":\"1-2\",\"image_height\":\"814\",\"image_loading\":true,\"image_svg_color\":\"emphasis\",\"image_width\":\"610\",\"link_style\":\"default\",\"link_text\":\"Read more\",\"margin\":\"large\",\"meta\":\"La planta de producci\\u00f3n de Erba\",\"meta_align\":\"below-title\",\"meta_element\":\"div\",\"meta_style\":\"text-meta\",\"title\":\"\",\"title_align\":\"top\",\"title_element\":\"h3\",\"title_grid_breakpoint\":\"m\",\"title_grid_width\":\"1-2\",\"title_hover_style\":\"reset\"}},{\"name\":\"\",\"type\":\"headline\",\"props\":{\"content\":\"C\\u00f3mo es Synt3<sup>\\u00ae<\\\/sup> ahora\",\"margin\":\"default\",\"margin_remove_bottom\":false,\"title_element\":\"h2\",\"title_style\":\"h3\"}},{\"name\":\"\",\"type\":\"text\",\"props\":{\"column_breakpoint\":\"m\",\"content\":\"\n\n<p>Hasta ahora Synt3<sup>\\u00ae<\\\/sup> Srl ha agrupado 3 unidades de fabricaci\\u00f3n integradas por completo con un personal de m\\u00e1s de 100 personas y con una producci\\u00f3n anual de unos millones de metros lineares. Nuestro almac\\u00e9n se desarrolla por <strong>m\\u00e1s de 500mq<\\\/strong> y cuenta con tecnolog\\u00edas de automatizaci\\u00f3n que contribuyen a la pronta disponibilidad de un gran stock, tanto para los grandes como para los peque\\u00f1os volumenes.<\\\/p>\\n\n\n<p>Nuestra red comercial se extiende por <strong>70 paises<\\\/strong> ofreciendo un servicio integral, caracterizado por la rapidez, la atenci\\u00f3n y el servicio de corte. Apostamos por la innovaci\\u00f3n, por lo que seguimos renovando las tecnolog\\u00edas de producci\\u00f3n en la seguridad y en la ecolog\\u00eda. Todas nuestras plantas cuentan con instalaciones modern\\u00edsimas que permiten la reducci\\u00f3n del gasto energ\\u00e9tico y la recuperaci\\u00f3n de energ\\u00eda y materias primas. Durante todo el proceso productivo logramos garantizar as\\u00ed una gesti\\u00f3n completa de las emisiones y la reutilizaci\\u00f3n de los recursos de base.<\\\/p>\",\"margin\":\"default\"}}]},{\"name\":\"\",\"type\":\"column\",\"props\":{\"image_position\":\"center-center\",\"media_overlay_gradient\":\"\",\"position_sticky_breakpoint\":\"m\",\"width_small\":\"1-2\"},\"children\":[{\"name\":\"\",\"type\":\"headline\",\"props\":{\"content\":\"Las etapas principales de la empresa\",\"margin\":\"medium\",\"margin_remove_bottom\":false,\"title_element\":\"h2\",\"title_style\":\"h3\"}},{\"name\":\"\",\"type\":\"text\",\"props\":{\"column_breakpoint\":\"m\",\"content\":\"\n\n<p>En 1971 nace Synt3<sup>\\u00ae<\\\/sup> y la producci\\u00f3n de tejidos recubiertos en poliuretano en bases textiles.\\nEn 1977, con la llegada del metodo innovador de la coagulaci\\u00f3n, decidimos invertir en esta\\ntecnolog\\u00eda emergente y abrimos una nueva planta. Al mismo tiempo inclu\\u00edmos en la empresa la marca prestigiosa de \\u201cLASKINA<sup>\\u00ae<\\\/sup>\\u201d, garant\\u00eda de\\nproductos realizados con pol\\u00edmeros originados al 100% del poliuretano.\\n<\\\/p>\n\n<p>En 2001 desplazamos la empresa en la nueva sede donde ampliamos nuestra dotaci\\u00f3n con una\\nmayor gama de maquinarias de \\u00faltima generaci\\u00f3n.\\n<\\\/p>\n\n<p>En 2003 empieza la construcci\\u00f3n de una tercera planta con una instalaci\\u00f3n de coagulaci\\u00f3n\\nadicional concebida seg\\u00fan los rasgos de innovaci\\u00f3n.\",\"dropcap\":true,\"margin\":\"medium\"}},{\"name\":\"\",\"type\":\"panel\",\"props\":{\"content\":\"\",\"content_column_breakpoint\":\"m\",\"icon_width\":80,\"image\":\"wp-content\\\/uploads\\\/2023\\\/01\\\/azienda-04.jpg\",\"image_align\":\"top\",\"image_alt\":\"Synt3\",\"image_grid_breakpoint\":\"m\",\"image_grid_width\":\"1-2\",\"image_height\":\"380\",\"image_loading\":true,\"image_svg_color\":\"emphasis\",\"image_width\":\"610\",\"link_style\":\"default\",\"link_text\":\"Read more\",\"margin\":\"large\",\"margin_remove_bottom\":true,\"meta\":\"\",\"meta_align\":\"below-title\",\"meta_element\":\"div\",\"meta_style\":\"text-meta\",\"title\":\"\",\"title_align\":\"top\",\"title_element\":\"h3\",\"title_grid_breakpoint\":\"m\",\"title_grid_width\":\"1-2\",\"title_hover_style\":\"reset\"}},{\"type\":\"grid\",\"props\":{\"content_column_breakpoint\":\"m\",\"filter_align\":\"left\",\"filter_all\":true,\"filter_grid_breakpoint\":\"m\",\"filter_grid_width\":\"auto\",\"filter_position\":\"top\",\"filter_style\":\"tab\",\"grid_column_gap\":\"medium\",\"grid_default\":\"2\",\"grid_medium\":\"2\",\"grid_small\":\"2\",\"icon_width\":80,\"image_align\":\"top\",\"image_grid_breakpoint\":\"m\",\"image_grid_width\":\"1-2\",\"image_svg_color\":\"emphasis\",\"item_animation\":true,\"link_style\":\"default\",\"link_text\":\"Read more\",\"margin\":\"default\",\"meta_align\":\"below-title\",\"meta_element\":\"div\",\"meta_style\":\"text-meta\",\"show_content\":true,\"show_image\":true,\"show_link\":true,\"show_meta\":true,\"show_title\":true,\"title_align\":\"top\",\"title_element\":\"h3\",\"title_grid_breakpoint\":\"m\",\"title_grid_width\":\"1-2\",\"title_hover_style\":\"reset\"},\"children\":[{\"type\":\"grid_item\",\"props\":{\"image\":\"wp-content\\\/uploads\\\/2023\\\/01\\\/azienda-03.jpg\",\"image_alt\":\"Synt3\"}},{\"type\":\"grid_item\",\"props\":{\"image\":\"wp-content\\\/uploads\\\/2023\\\/01\\\/azienda-02.jpg\",\"image_alt\":\"Synt3\"}}]}]}]}]},{\"type\":\"section\",\"props\":{\"image_position\":\"center-center\",\"style\":\"primary\",\"title_breakpoint\":\"xl\",\"title_position\":\"top-left\",\"title_rotation\":\"left\",\"vertical_align\":\"middle\",\"width\":\"default\"},\"children\":[{\"type\":\"row\",\"props\":{\"layout\":\"1-2,1-2\",\"match\":true},\"children\":[{\"type\":\"column\",\"props\":{\"image_position\":\"center-center\",\"media_overlay_gradient\":\"\",\"position_sticky_breakpoint\":\"m\",\"width_medium\":\"1-2\"},\"children\":[{\"type\":\"headline\",\"props\":{\"content\":\"Descubre los usos de los productos Synt3<sup>\\u00ae<\\\/sup>\",\"title_element\":\"h2\",\"title_style\":\"heading-medium\"}}]},{\"type\":\"column\",\"props\":{\"image_position\":\"center-center\",\"media_overlay_gradient\":\"\",\"position_sticky_breakpoint\":\"m\",\"width_medium\":\"1-2\"},\"children\":[{\"type\":\"grid\",\"props\":{\"content_column_breakpoint\":\"m\",\"css\":\".el-item{\\n\\tbackground:transparent;\\n    border:1px solid white;\\n    transition:150ms ease-in-out;\\n    padding-left:10px;\\n    padding-right:10px;\\n}\\n.el-item:hover{\\n\\tbackground:white;\\n}\\n.el-item:hover .el-title{\\n\\tcolor:#1d4746;\\n}\",\"filter_align\":\"left\",\"filter_all\":true,\"filter_grid_breakpoint\":\"m\",\"filter_grid_width\":\"auto\",\"filter_position\":\"top\",\"filter_style\":\"tab\",\"grid_column_align\":false,\"grid_column_gap\":\"medium\",\"grid_default\":\"1\",\"grid_divider\":false,\"grid_masonry\":false,\"grid_medium\":\"3\",\"grid_row_align\":true,\"grid_row_gap\":\"medium\",\"grid_small\":\"2\",\"icon_width\":80,\"image_align\":\"top\",\"image_grid_breakpoint\":\"m\",\"image_grid_width\":\"1-2\",\"image_svg_color\":\"emphasis\",\"item_animation\":true,\"link_style\":\"default\",\"link_text\":\"\",\"margin\":\"default\",\"meta_align\":\"below-title\",\"meta_element\":\"div\",\"meta_style\":\"text-meta\",\"panel_link\":true,\"panel_padding\":\"default\",\"panel_style\":\"tile-checked\",\"show_content\":true,\"show_image\":true,\"show_link\":true,\"show_meta\":true,\"show_title\":true,\"text_align\":\"center\",\"title_align\":\"top\",\"title_element\":\"h3\",\"title_grid_breakpoint\":\"m\",\"title_grid_width\":\"1-2\",\"title_hover_style\":\"reset\",\"title_style\":\"h6\"},\"children\":[{\"type\":\"grid_item\",\"props\":{\"link\":\"es\\\/usos\\\/#Encuadernacion\",\"title\":\"Encuadernaci\\u00f3n\"}},{\"type\":\"grid_item\",\"props\":{\"link\":\"es\\\/usos\\\/#Hosteleria\",\"title\":\"Hosteler\\u00eda\"}},{\"type\":\"grid_item\",\"props\":{\"link\":\"es\\\/usos\\\/#Embalaje\",\"title\":\"Embalaje\"}},{\"type\":\"grid_item\",\"props\":{\"link\":\"es\\\/usos\\\/#Empaque-de-lujo\",\"title\":\"Empaque de lujo\"}},{\"type\":\"grid_item\",\"props\":{\"link\":\"es\\\/usos\\\/#Marroquineria\",\"title\":\"Marroquiner\\u00eda\"}},{\"type\":\"grid_item\",\"props\":{\"link\":\"es\\\/usos\\\/#calzado\",\"title\":\"Calzado\"}},{\"type\":\"grid_item\",\"props\":{\"link\":\"es\\\/usos\\\/#Calzado-seguridad\",\"title\":\"Calzado seguridad\"}},{\"type\":\"grid_item\",\"props\":{\"link\":\"es\\\/usos\\\/#Papeleria\",\"title\":\"Papeler\\u00eda\"}}]}]}]}]}],\"version\":\"3.0.23\"} --><\/p>\n","protected":false},"excerpt":{"rendered":"<p>Empresa \u2022 Historia M\u00e1s de 50 a\u00f1os de experiencia en la realizaci\u00f3n de materiales en PU La planta de producci\u00f3n de Erba C\u00f3mo es Synt3\u00ae ahora Hasta ahora Synt3\u00ae Srl ha agrupado 3 unidades de fabricaci\u00f3n integradas por completo con un personal de m\u00e1s de 100 personas y con una producci\u00f3n anual de unos millones [&hellip;]<\/p>\n","protected":false},"author":2,"featured_media":0,"parent":0,"menu_order":0,"comment_status":"closed","ping_status":"closed","template":"","meta":[],"acf":[],"_links":{"self":[{"href":"https:\/\/synt3.com\/es\/wp-json\/wp\/v2\/pages\/17405"}],"collection":[{"href":"https:\/\/synt3.com\/es\/wp-json\/wp\/v2\/pages"}],"about":[{"href":"https:\/\/synt3.com\/es\/wp-json\/wp\/v2\/types\/page"}],"author":[{"embeddable":true,"href":"https:\/\/synt3.com\/es\/wp-json\/wp\/v2\/users\/2"}],"replies":[{"embeddable":true,"href":"https:\/\/synt3.com\/es\/wp-json\/wp\/v2\/comments?post=17405"}],"version-history":[{"count":6,"href":"https:\/\/synt3.com\/es\/wp-json\/wp\/v2\/pages\/17405\/revisions"}],"predecessor-version":[{"id":17497,"href":"https:\/\/synt3.com\/es\/wp-json\/wp\/v2\/pages\/17405\/revisions\/17497"}],"wp:attachment":[{"href":"https:\/\/synt3.com\/es\/wp-json\/wp\/v2\/media?parent=17405"}],"curies":[{"name":"wp","href":"https:\/\/api.w.org\/{rel}","templated":true}]}}