{"id":17412,"date":"2023-01-17T13:05:35","date_gmt":"2023-01-17T13:05:35","guid":{"rendered":"https:\/\/synt3.com\/investigacion-e-innovacion\/"},"modified":"2023-02-27T10:20:20","modified_gmt":"2023-02-27T10:20:20","slug":"investigacion-e-innovacion","status":"publish","type":"page","link":"https:\/\/synt3.com\/es\/investigacion-e-innovacion\/","title":{"rendered":"Investigaci\u00f3n e Innovaci\u00f3n"},"content":{"rendered":"<h1>Empresa \u2022 <span>INVESTIGACI\u00d3N E INNOVACI\u00d3N<\/span><\/h1>\n<h1>Innovaci\u00f3n, calidad y sostenibilidad<\/h1>\n<div>\n<p>Investigaci\u00f3n e innovaci\u00f3n forman desde siempre el centro de nuestra actividad, para proporcionar a nuestros clientes unos productos a la vanguarda y con un menor impacto ambiental. El seguimiento continuo por parte de un equipo de t\u00e9cnicos especialistas optimiza por completo el proceso productivo Synt3<sup>\u00ae<\/sup>; nuestros instrumentos modernos han permitido el desarrollo de productos innovadores con aplicaciones en la edici\u00f3n, el calzado y el empaque de lujo<\/p>\n<\/div>\n<p><img decoding=\"async\" src=\"\/wp-content\/uploads\/2023\/01\/rd-01.jpg\" alt=\"Innovaci\u00f3n, calidad y sostenibilidad\"><\/p>\n<h2>Crecimiento e inversiones<\/h2>\n<div>Durante los \u00faltimos a\u00f1os hemos adoptados las tecnolog\u00edas de la industria 4.0 e invertido en<br \/>\nacciones seguras bajo un punto de vista energ\u00e9tico: esto nos ha permitido alcanzar excelentes<br \/>\nniveles de sostenibilidad en los gastos energ\u00e9ticos y de seguridad en los entornos de trabajo.<\/div>\n<p><img decoding=\"async\" src=\"\/wp-content\/uploads\/2023\/01\/rd-02.jpg\" alt=\"Crecimiento e inversiones\"><\/p>\n<h2>Nuestras certificaciones<\/h2>\n<ul>\n<li>\n<p>        <img decoding=\"async\" src=\"\/wp-content\/uploads\/2023\/02\/FSC-1.png\" alt=\"FSC\"><\/p>\n<\/li>\n<li>\n<p>        <img decoding=\"async\" src=\"\/wp-content\/uploads\/2023\/01\/peta-1.png\" alt=\"Peta\"><\/p>\n<\/li>\n<li>\n<p>        <img decoding=\"async\" src=\"\/wp-content\/uploads\/2023\/02\/USDA-1.png\" alt=\"USDA\"><\/p>\n<\/li>\n<li>\n<p>        <img decoding=\"async\" src=\"\/wp-content\/uploads\/2023\/02\/rsc-1.png\" alt=\"RCS\"><\/p>\n<\/li>\n<li>\n<p>        <img decoding=\"async\" src=\"\/wp-content\/uploads\/2023\/01\/ultra-fresh-logo2-1.svg\" alt=\"Ultrafresh\"><\/p>\n<\/li>\n<\/ul>\n<p>\n    <a href=\"\/es\/certificaciones\/\">Descubre m\u00e1s<\/a>\n<\/p>\n<p><!--more--><br \/>\n<!-- {\"type\":\"layout\",\"children\":[{\"name\":\"Hero \",\"type\":\"section\",\"props\":{\"animation\":\"fade\",\"css\":\".el-section{\\n    background-image:linear-gradient(to bottom, rgb(255 255 255 \\\/ 0%) 0%,#fff 100%);\\n}\",\"header_transparent\":\"dark\",\"image\":\"wp-content\\\/uploads\\\/2023\\\/01\\\/hero-06.jpg\",\"image_loading\":true,\"image_position\":\"bottom-center\",\"image_size\":\"cover\",\"padding\":\"large\",\"padding_remove_top\":false,\"preserve_color\":true,\"style\":\"muted\",\"title_breakpoint\":\"xl\",\"title_position\":\"top-left\",\"title_rotation\":\"left\",\"vertical_align\":\"middle\",\"width\":\"default\"},\"children\":[{\"name\":\"\",\"type\":\"row\",\"props\":{\"margin\":\"xlarge\"},\"children\":[{\"name\":\"\",\"type\":\"column\",\"props\":{\"image_position\":\"center-center\",\"media_overlay_gradient\":\"\",\"position_sticky_breakpoint\":\"m\",\"width_medium\":\"1-1\"},\"children\":[{\"name\":\"\",\"type\":\"headline\",\"props\":{\"content\":\"Empresa \\u2022 <span>INVESTIGACI\\u00d3N E INNOVACI\\u00d3N<\\\/span>\",\"text_align\":\"center\",\"title_element\":\"h1\",\"title_style\":\"h6\"}},{\"name\":\"\",\"type\":\"headline\",\"props\":{\"block_align\":\"center\",\"content\":\"Innovaci\\u00f3n, calidad y sostenibilidad\",\"margin\":\"small\",\"margin_remove_bottom\":true,\"maxwidth\":\"2xlarge\",\"text_align\":\"center\",\"title_element\":\"h1\",\"title_style\":\"heading-large\"}},{\"name\":\"\",\"type\":\"divider\",\"props\":{\"divider_align\":\"center\",\"divider_element\":\"div\",\"divider_style\":\"small\",\"margin\":\"medium\"}}]}]}]},{\"type\":\"section\",\"props\":{\"image_position\":\"center-center\",\"style\":\"default\",\"title_breakpoint\":\"xl\",\"title_position\":\"top-left\",\"title_rotation\":\"left\",\"vertical_align\":\"middle\",\"width\":\"default\"},\"children\":[{\"type\":\"row\",\"props\":{\"column_gap\":\"large\",\"layout\":\"1-2,1-2\"},\"children\":[{\"type\":\"column\",\"props\":{\"image_position\":\"center-center\",\"media_overlay_gradient\":\"\",\"position_sticky_breakpoint\":\"m\",\"vertical_align\":\"middle\",\"width_medium\":\"1-2\"},\"children\":[{\"type\":\"text\",\"props\":{\"column_breakpoint\":\"m\",\"content\":\"\n\n<p>Investigaci\\u00f3n e innovaci\\u00f3n forman desde siempre el centro de nuestra actividad, para proporcionar a nuestros clientes unos productos a la vanguarda y con un menor impacto ambiental. El seguimiento continuo por parte de un equipo de t\\u00e9cnicos especialistas optimiza por completo el proceso productivo Synt3<sup>\\u00ae<\\\/sup>; nuestros instrumentos modernos han permitido el desarrollo de productos innovadores con aplicaciones en la edici\\u00f3n, el calzado y el empaque de lujo<\\\/p>\",\"margin\":\"default\"}}]},{\"type\":\"column\",\"props\":{\"image_position\":\"center-center\",\"media_overlay_gradient\":\"\",\"position_sticky_breakpoint\":\"m\",\"width_medium\":\"1-2\"},\"children\":[{\"type\":\"image\",\"props\":{\"image\":\"wp-content\\\/uploads\\\/2023\\\/01\\\/rd-01.jpg\",\"image_alt\":\"Innovaci\\u00f3n, calidad y sostenibilidad\",\"image_box_decoration\":\"primary\",\"image_svg_color\":\"emphasis\",\"margin\":\"default\"}}]}]},{\"type\":\"row\",\"props\":{\"column_gap\":\"large\",\"layout\":\"1-2,1-2\"},\"children\":[{\"type\":\"column\",\"props\":{\"image_position\":\"center-center\",\"media_overlay_gradient\":\"\",\"position_sticky_breakpoint\":\"m\",\"vertical_align\":\"middle\",\"width_medium\":\"1-2\"},\"children\":[{\"name\":\"\",\"type\":\"headline\",\"props\":{\"content\":\"Crecimiento e inversiones\",\"margin\":\"medium\",\"margin_remove_top\":true,\"title_color\":\"primary\",\"title_element\":\"h2\"}},{\"type\":\"text\",\"props\":{\"column_breakpoint\":\"m\",\"content\":\"Durante los \\u00faltimos a\\u00f1os hemos adoptados las tecnolog\\u00edas de la industria 4.0 e invertido en\\nacciones seguras bajo un punto de vista energ\\u00e9tico: esto nos ha permitido alcanzar excelentes\\nniveles de sostenibilidad en los gastos energ\\u00e9ticos y de seguridad en los entornos de trabajo.\",\"margin\":\"default\"}}]},{\"type\":\"column\",\"props\":{\"image_position\":\"center-center\",\"media_overlay_gradient\":\"\",\"order_first\":\"m\",\"position_sticky_breakpoint\":\"m\",\"width_medium\":\"1-2\"},\"children\":[{\"type\":\"image\",\"props\":{\"image\":\"wp-content\\\/uploads\\\/2023\\\/01\\\/rd-02.jpg\",\"image_alt\":\"Crecimiento e inversiones\",\"image_box_decoration\":\"default\",\"image_svg_color\":\"emphasis\",\"margin\":\"default\"}}]}]}]},{\"type\":\"section\",\"props\":{\"image_position\":\"center-center\",\"preserve_color\":true,\"style\":\"secondary\",\"title_breakpoint\":\"xl\",\"title_position\":\"top-left\",\"title_rotation\":\"left\",\"vertical_align\":\"middle\",\"width\":\"default\"},\"children\":[{\"type\":\"row\",\"children\":[{\"type\":\"column\",\"props\":{\"image_position\":\"center-center\",\"media_overlay_gradient\":\"\",\"position_sticky_breakpoint\":\"m\"},\"children\":[{\"type\":\"headline\",\"props\":{\"content\":\"Nuestras certificaciones\",\"margin\":\"large\",\"margin_remove_top\":false,\"text_align\":\"center\",\"title_element\":\"h2\",\"title_style\":\"heading-medium\"}},{\"type\":\"grid\",\"props\":{\"content_column_breakpoint\":\"m\",\"css\":\".el-item{\\n\\tbackground:transparent;\\n    display: flex;\\n    justify-content: center;\\n    align-items: center;\\n}\\n.el-image{\\n\\tmax-width:140px;\\n    object-fit:cover;\\n}\",\"filter_align\":\"left\",\"filter_all\":true,\"filter_grid_breakpoint\":\"m\",\"filter_grid_width\":\"auto\",\"filter_position\":\"top\",\"filter_style\":\"tab\",\"grid_column_align\":true,\"grid_column_gap\":\"small\",\"grid_default\":\"2\",\"grid_divider\":false,\"grid_medium\":\"3\",\"grid_row_gap\":\"small\",\"grid_small\":\"3\",\"icon_width\":80,\"image_align\":\"top\",\"image_grid_breakpoint\":\"m\",\"image_grid_width\":\"1-2\",\"image_height\":\"100\",\"image_svg_color\":\"emphasis\",\"item_animation\":true,\"link_style\":\"default\",\"link_text\":\"Read more\",\"margin\":\"default\",\"meta_align\":\"below-title\",\"meta_element\":\"div\",\"meta_style\":\"text-meta\",\"panel_padding\":\"small\",\"panel_style\":\"card-default\",\"show_content\":true,\"show_image\":true,\"show_link\":true,\"show_meta\":true,\"show_title\":true,\"text_align\":\"center\",\"title_align\":\"top\",\"title_element\":\"h3\",\"title_grid_breakpoint\":\"m\",\"title_grid_width\":\"1-2\",\"title_hover_style\":\"reset\"},\"children\":[{\"type\":\"grid_item\",\"props\":{\"content\":\"\",\"image\":\"wp-content\\\/uploads\\\/2023\\\/02\\\/FSC-1.png\",\"image_alt\":\"FSC\",\"title\":\"\"}},{\"type\":\"grid_item\",\"props\":{\"content\":\"\",\"image\":\"wp-content\\\/uploads\\\/2023\\\/01\\\/peta-1.png\",\"image_alt\":\"Peta\",\"title\":\"\"}},{\"type\":\"grid_item\",\"props\":{\"content\":\"\",\"image\":\"wp-content\\\/uploads\\\/2023\\\/02\\\/USDA-1.png\",\"image_alt\":\"USDA\",\"title\":\"\"}},{\"type\":\"grid_item\",\"props\":{\"content\":\"\",\"image\":\"wp-content\\\/uploads\\\/2023\\\/02\\\/rsc-1.png\",\"image_alt\":\"RCS\",\"title\":\"\"}},{\"type\":\"grid_item\",\"props\":{\"content\":\"\",\"image\":\"wp-content\\\/uploads\\\/2023\\\/01\\\/ultra-fresh-logo2-1.svg\",\"image_alt\":\"Ultrafresh\",\"title\":\"\"}}]},{\"type\":\"button\",\"props\":{\"grid_column_gap\":\"small\",\"grid_row_gap\":\"small\",\"margin\":\"medium\",\"text_align\":\"center\"},\"children\":[{\"type\":\"button_item\",\"props\":{\"button_style\":\"primary\",\"content\":\"Descubre m\\u00e1s\",\"icon_align\":\"left\",\"link\":\"es\\\/certificaciones\\\/\"}}]}]}]}]}],\"version\":\"3.0.23\"} --><\/p>\n","protected":false},"excerpt":{"rendered":"<p>Empresa \u2022 INVESTIGACI\u00d3N E INNOVACI\u00d3N Innovaci\u00f3n, calidad y sostenibilidad Investigaci\u00f3n e innovaci\u00f3n forman desde siempre el centro de nuestra actividad, para proporcionar a nuestros clientes unos productos a la vanguarda y con un menor impacto ambiental. El seguimiento continuo por parte de un equipo de t\u00e9cnicos especialistas optimiza por completo el proceso productivo Synt3\u00ae; nuestros [&hellip;]<\/p>\n","protected":false},"author":2,"featured_media":0,"parent":0,"menu_order":0,"comment_status":"closed","ping_status":"closed","template":"","meta":[],"acf":[],"_links":{"self":[{"href":"https:\/\/synt3.com\/es\/wp-json\/wp\/v2\/pages\/17412"}],"collection":[{"href":"https:\/\/synt3.com\/es\/wp-json\/wp\/v2\/pages"}],"about":[{"href":"https:\/\/synt3.com\/es\/wp-json\/wp\/v2\/types\/page"}],"author":[{"embeddable":true,"href":"https:\/\/synt3.com\/es\/wp-json\/wp\/v2\/users\/2"}],"replies":[{"embeddable":true,"href":"https:\/\/synt3.com\/es\/wp-json\/wp\/v2\/comments?post=17412"}],"version-history":[{"count":5,"href":"https:\/\/synt3.com\/es\/wp-json\/wp\/v2\/pages\/17412\/revisions"}],"predecessor-version":[{"id":17461,"href":"https:\/\/synt3.com\/es\/wp-json\/wp\/v2\/pages\/17412\/revisions\/17461"}],"wp:attachment":[{"href":"https:\/\/synt3.com\/es\/wp-json\/wp\/v2\/media?parent=17412"}],"curies":[{"name":"wp","href":"https:\/\/api.w.org\/{rel}","templated":true}]}}