{"id":17446,"date":"2023-01-17T13:05:07","date_gmt":"2023-01-17T13:05:07","guid":{"rendered":"https:\/\/synt3.com\/certificaciones\/"},"modified":"2025-12-19T09:15:47","modified_gmt":"2025-12-19T09:15:47","slug":"certificaciones","status":"publish","type":"page","link":"https:\/\/synt3.com\/es\/certificaciones\/","title":{"rendered":"Certificaciones"},"content":{"rendered":"<h1>Nuestras certificaciones<\/h1>\n<div>\n<p>        <img decoding=\"async\" src=\"\/wp-content\/uploads\/2023\/01\/fsc.png\" alt=\"FSC\"><\/p>\n<div>Desde 2013 Synt3<sup>\u00ae<\/sup> cuenta con la certificaci\u00f3n de la Cadena de Custodia FSC<sup>\u00ae<\/sup> (BV-COC-<br \/>\n117731). La certificaci\u00f3n FSC<sup>\u00ae<\/sup> identifica los productos realizados con materias primas<br \/>\nprocedentes de bosques gestionados seg\u00fan las normas internacionales del Forest Stewardship<br \/>\nCouncil o de empresas certficadas.<br \/>\nUn producto est\u00e1 certificado por Forest Stewardship Council si todas las empresas de su cadena<br \/>\nde producci\u00f3n y la celulosa que se usa tambi\u00e9n lo est\u00e1n.<br \/>\nPor tanto proporcionamos a nuestros clientes el sello FSC<sup>\u00ae<\/sup> as\u00ed que puedan comunicar al<br \/>\nmercado su cuidado al medio ambiente y a los derechos humanos, al igual que su responsabilidad<br \/>\nsocial como empresa.<\/div>\n<\/div>\n<hr>\n<div>\n<p>        <img decoding=\"async\" src=\"\/wp-content\/uploads\/2023\/02\/rcs-logo.png\" alt=\"RCS\"><\/p>\n<div> La certificaci\u00f3n RCS<sup>\u00ae<\/sup> blended es un sello de calidad otorgado por Textile Exchange<sup>\u00ae<\/sup> y que asegura<br \/>\nuna composici\u00f3n de un tejido o producto entre 5% y 95% de materias primas recicladas pre o<br \/>\nposconsumo.<\/div>\n<\/div>\n<hr>\n<div>\n<p>        <img decoding=\"async\" src=\"\/wp-content\/uploads\/2023\/02\/usda-logo.png\" alt=\"USDA\"><\/p>\n<div>Es el sello que certifica que los productos Synt3<sup>\u00ae<\/sup> se han fabricado de manera sostenible y<br \/>\nsegura. Fomenta el comercio y el uso de materiales producidos a partir de fuentes naturales.<\/div>\n<\/div>\n<hr>\n<div>\n<p>        <img decoding=\"async\" src=\"\/wp-content\/uploads\/2025\/07\/4sustainability-55d11f50.png\" alt=\"4Sustainability\"><\/p>\n<div>\n<p>Synt3 s.r.l. se ha sumado al Compromiso 4sustainability<sup>\u00ae<\/sup> y aplica el protocolo 4s CHEM para eliminar sustancias t\u00f3xicas y nocivas en la producci\u00f3n, a trav\u00e9s del ZDHC MRSL<\/p>\n<div style=\"display:flex; flex-direction:column;\">\n<a href=\"https:\/\/synt3.com\/wp-content\/uploads\/2025\/11\/politica-trasparenza-e-sostenibilita-2025.pdf\" class=\"uk-button uk-button-link\" target=\"_blank\">Politica Trasparencia y Sustenibilidad<\/a><br \/>\n<a href=\"https:\/\/synt3.com\/wp-content\/uploads\/2025\/11\/4s_Report-Abstract_CHEM_v5.0-SYNT-3_2024.pdf\" class=\"uk-button uk-button-link\" target=\"_blank\">4S Report Abstract Chem<\/a>\n<\/div>\n<\/div>\n<\/div>\n<div>\n<h2>Descubre la gama Synt3<sup>\u00ae<\/sup><\/h2>\n<p><a href=\"https:\/\/synt3.com\/es\/productos\/\">Ver los productos<\/a><\/p>\n<\/div>\n<p><!--more--><br \/>\n<!-- {\"type\":\"layout\",\"children\":[{\"name\":\"Hero \",\"type\":\"section\",\"props\":{\"animation\":\"fade\",\"css\":\".el-section{\\n    background-image:linear-gradient(to bottom, rgb(255 255 255 \\\/ 0%) 0%,#fff 100%);\\n}\",\"header_transparent\":\"dark\",\"image\":\"wp-content\\\/uploads\\\/2023\\\/01\\\/hero-04.jpg\",\"image_loading\":true,\"image_position\":\"bottom-center\",\"image_size\":\"cover\",\"padding\":\"large\",\"padding_remove_top\":false,\"style\":\"muted\",\"title_breakpoint\":\"xl\",\"title_position\":\"top-left\",\"title_rotation\":\"left\",\"vertical_align\":\"middle\",\"width\":\"default\"},\"children\":[{\"type\":\"row\",\"props\":{\"margin\":\"xlarge\"},\"children\":[{\"type\":\"column\",\"props\":{\"image_position\":\"center-center\",\"position_sticky_breakpoint\":\"m\",\"width_medium\":\"1-1\"},\"children\":[{\"type\":\"headline\",\"props\":{\"block_align\":\"center\",\"content\":\"Nuestras certificaciones\",\"margin\":\"small\",\"margin_remove_bottom\":true,\"maxwidth\":\"2xlarge\",\"text_align\":\"center\",\"title_element\":\"h1\",\"title_style\":\"heading-large\"}},{\"type\":\"divider\",\"props\":{\"divider_align\":\"center\",\"divider_element\":\"div\",\"divider_style\":\"small\",\"margin\":\"medium\"}}]}]}]},{\"type\":\"section\",\"props\":{\"animation\":\"slide-bottom-small\",\"animation_delay\":\"150\",\"image_position\":\"center-center\",\"style\":\"default\",\"title_breakpoint\":\"xl\",\"title_position\":\"top-left\",\"title_rotation\":\"left\",\"vertical_align\":\"middle\",\"width\":\"small\"},\"children\":[{\"type\":\"row\",\"children\":[{\"type\":\"column\",\"props\":{\"image_position\":\"center-center\",\"position_sticky_breakpoint\":\"m\"},\"children\":[{\"type\":\"panel\",\"props\":{\"content\":\"Desde 2013 Synt3<sup>\\u00ae<\\\/sup> cuenta con la certificaci\\u00f3n de la Cadena de Custodia FSC<sup>\\u00ae<\\\/sup> (BV-COC-\\n117731). La certificaci\\u00f3n FSC<sup>\\u00ae<\\\/sup> identifica los productos realizados con materias primas\\nprocedentes de bosques gestionados seg\\u00fan las normas internacionales del Forest Stewardship\\nCouncil o de empresas certficadas.\\nUn producto est\\u00e1 certificado por Forest Stewardship Council si todas las empresas de su cadena\\nde producci\\u00f3n y la celulosa que se usa tambi\\u00e9n lo est\\u00e1n.\\nPor tanto proporcionamos a nuestros clientes el sello FSC<sup>\\u00ae<\\\/sup> as\\u00ed que puedan comunicar al\\nmercado su cuidado al medio ambiente y a los derechos humanos, al igual que su responsabilidad\\nsocial como empresa.\",\"content_column_breakpoint\":\"m\",\"icon_width\":80,\"image\":\"wp-content\\\/uploads\\\/2023\\\/01\\\/fsc.png\",\"image_align\":\"right\",\"image_alt\":\"FSC\",\"image_grid_breakpoint\":\"s\",\"image_grid_width\":\"auto\",\"image_svg_color\":\"emphasis\",\"image_vertical_align\":true,\"image_width\":\"300\",\"link_style\":\"default\",\"link_text\":\"Read more\",\"margin\":\"default\",\"meta\":\"\",\"meta_align\":\"below-title\",\"meta_element\":\"div\",\"meta_style\":\"text-meta\",\"text_align\":\"justify\",\"title\":\"\",\"title_align\":\"top\",\"title_element\":\"h3\",\"title_grid_breakpoint\":\"m\",\"title_grid_width\":\"1-2\",\"title_hover_style\":\"reset\"},\"name\":\"FSC\"}]}]},{\"type\":\"row\",\"children\":[{\"type\":\"column\",\"props\":{\"image_position\":\"center-center\",\"position_sticky_breakpoint\":\"m\"},\"children\":[{\"type\":\"divider\",\"props\":{\"divider_element\":\"hr\"}}]}]},{\"type\":\"row\",\"children\":[{\"type\":\"column\",\"props\":{\"image_position\":\"center-center\",\"position_sticky_breakpoint\":\"m\"},\"children\":[{\"type\":\"panel\",\"props\":{\"content\":\" La certificaci\\u00f3n RCS<sup>\\u00ae<\\\/sup> blended es un sello de calidad otorgado por Textile Exchange<sup>\\u00ae<\\\/sup> y que asegura\\nuna composici\\u00f3n de un tejido o producto entre 5% y 95% de materias primas recicladas pre o\\nposconsumo.\",\"content_column_breakpoint\":\"m\",\"icon_width\":80,\"image\":\"wp-content\\\/uploads\\\/2023\\\/02\\\/rcs-logo.png\",\"image_align\":\"right\",\"image_alt\":\"RCS\",\"image_grid_breakpoint\":\"s\",\"image_grid_width\":\"auto\",\"image_svg_color\":\"emphasis\",\"image_vertical_align\":true,\"image_width\":\"300\",\"link_style\":\"default\",\"link_text\":\"Read more\",\"margin\":\"default\",\"meta\":\"\",\"meta_align\":\"below-title\",\"meta_element\":\"div\",\"meta_style\":\"text-meta\",\"text_align\":\"justify\",\"title\":\"\",\"title_align\":\"top\",\"title_element\":\"h3\",\"title_grid_breakpoint\":\"m\",\"title_grid_width\":\"1-2\",\"title_hover_style\":\"reset\"},\"name\":\"RCS\"}]}]},{\"type\":\"row\",\"children\":[{\"type\":\"column\",\"props\":{\"image_position\":\"center-center\",\"position_sticky_breakpoint\":\"m\"},\"children\":[{\"type\":\"divider\",\"props\":{\"divider_element\":\"hr\"}}]}]},{\"type\":\"row\",\"children\":[{\"type\":\"column\",\"props\":{\"image_position\":\"center-center\",\"position_sticky_breakpoint\":\"m\"},\"children\":[{\"type\":\"panel\",\"props\":{\"content\":\"Es el sello que certifica que los productos Synt3<sup>\\u00ae<\\\/sup> se han fabricado de manera sostenible y\\nsegura. Fomenta el comercio y el uso de materiales producidos a partir de fuentes naturales.\",\"content_column_breakpoint\":\"m\",\"icon_width\":80,\"image\":\"wp-content\\\/uploads\\\/2023\\\/02\\\/usda-logo.png\",\"image_align\":\"left\",\"image_alt\":\"USDA\",\"image_grid_breakpoint\":\"s\",\"image_grid_width\":\"auto\",\"image_svg_color\":\"emphasis\",\"image_vertical_align\":true,\"image_width\":\"300\",\"link_style\":\"default\",\"link_text\":\"Read more\",\"margin\":\"default\",\"meta\":\"\",\"meta_align\":\"below-title\",\"meta_element\":\"div\",\"meta_style\":\"text-meta\",\"text_align\":\"justify\",\"title\":\"\",\"title_align\":\"top\",\"title_element\":\"h3\",\"title_grid_breakpoint\":\"m\",\"title_grid_width\":\"1-2\",\"title_hover_style\":\"reset\"},\"name\":\"USDA\"}]}]},{\"type\":\"row\",\"children\":[{\"type\":\"column\",\"props\":{\"image_position\":\"center-center\",\"position_sticky_breakpoint\":\"m\"},\"children\":[{\"type\":\"divider\",\"props\":{\"divider_element\":\"hr\"}}]}]},{\"type\":\"row\",\"children\":[{\"type\":\"column\",\"props\":{\"image_position\":\"center-center\",\"position_sticky_breakpoint\":\"m\"},\"children\":[{\"type\":\"panel\",\"props\":{\"content\":\"\n\n<p>Synt3 s.r.l. se ha sumado al Compromiso 4sustainability<sup>\\u00ae<\\\/sup> y aplica el protocolo 4s CHEM para eliminar sustancias t\\u00f3xicas y nocivas en la producci\\u00f3n, a trav\\u00e9s del ZDHC MRSL<\\\/p>\\n\\n\n\n<div style=\\\"display:flex; flex-direction:column;\\\">\\n<a href=\\\"https:\\\/\\\/synt3.com\\\/wp-content\\\/uploads\\\/2025\\\/11\\\/politica-trasparenza-e-sostenibilita-2025.pdf\\\" class=\\\"uk-button uk-button-link\\\" target=\\\"_blank\\\">Politica Trasparencia y Sustenibilidad<\\\/a> \\n<a href=\\\"https:\\\/\\\/synt3.com\\\/wp-content\\\/uploads\\\/2025\\\/11\\\/4s_Report-Abstract_CHEM_v5.0-SYNT-3_2024.pdf\\\" class=\\\"uk-button uk-button-link\\\" target=\\\"_blank\\\">4S Report Abstract Chem<\\\/a>\\n<\\\/div>\",\"content_column_breakpoint\":\"m\",\"icon_width\":80,\"image\":\"wp-content\\\/uploads\\\/2025\\\/07\\\/4sustainability-55d11f50.png\",\"image_align\":\"right\",\"image_alt\":\"4Sustainability\",\"image_grid_breakpoint\":\"s\",\"image_grid_width\":\"auto\",\"image_link\":true,\"image_svg_color\":\"emphasis\",\"image_vertical_align\":true,\"image_width\":\"300\",\"link_style\":\"default\",\"link_target\":true,\"link_text\":\"\",\"margin\":\"default\",\"meta\":\"\",\"meta_align\":\"below-title\",\"meta_element\":\"div\",\"meta_style\":\"text-meta\",\"text_align\":\"justify\",\"title\":\"\",\"title_align\":\"top\",\"title_element\":\"h3\",\"title_grid_breakpoint\":\"m\",\"title_grid_width\":\"1-2\",\"title_hover_style\":\"reset\"},\"name\":\"RCS\"}]}]}]},{\"type\":\"section\",\"props\":{\"animation\":\"fade\",\"image\":\"wp-content\\\/uploads\\\/2023\\\/01\\\/img_prodotti-1.jpg\",\"image_effect\":\"parallax\",\"image_parallax_bgy\":\"0,100\",\"image_position\":\"center-center\",\"image_size\":\"cover\",\"style\":\"primary\",\"title_breakpoint\":\"xl\",\"title_position\":\"top-left\",\"title_rotation\":\"left\",\"vertical_align\":\"middle\",\"width\":\"default\"},\"children\":[{\"type\":\"row\",\"children\":[{\"type\":\"column\",\"props\":{\"image_position\":\"center-center\",\"position_sticky_breakpoint\":\"m\"},\"children\":[{\"type\":\"panel\",\"props\":{\"content_column_breakpoint\":\"m\",\"icon_width\":80,\"image_align\":\"top\",\"image_grid_breakpoint\":\"m\",\"image_grid_width\":\"1-2\",\"image_svg_color\":\"emphasis\",\"link\":\"es\\\/productos\",\"link_margin\":\"medium\",\"link_style\":\"default\",\"link_text\":\"Ver los productos\",\"margin\":\"default\",\"meta_align\":\"below-title\",\"meta_element\":\"div\",\"meta_style\":\"text-meta\",\"text_align\":\"center\",\"title\":\"Descubre la gama Synt3<sup>\\u00ae<\\\/sup>\",\"title_align\":\"top\",\"title_element\":\"h2\",\"title_grid_breakpoint\":\"m\",\"title_grid_width\":\"1-2\",\"title_hover_style\":\"reset\",\"title_style\":\"heading-large\"}}]}]}]}],\"version\":\"4.0.8\"} --><\/p>\n","protected":false},"excerpt":{"rendered":"<p>Nuestras certificaciones Desde 2013 Synt3\u00ae cuenta con la certificaci\u00f3n de la Cadena de Custodia FSC\u00ae (BV-COC- 117731). La certificaci\u00f3n FSC\u00ae identifica los productos realizados con materias primas procedentes de bosques gestionados seg\u00fan las normas internacionales del Forest Stewardship Council o de empresas certficadas. Un producto est\u00e1 certificado por Forest Stewardship Council si todas las empresas [&hellip;]<\/p>\n","protected":false},"author":2,"featured_media":0,"parent":0,"menu_order":0,"comment_status":"closed","ping_status":"closed","template":"","meta":[],"acf":[],"_links":{"self":[{"href":"https:\/\/synt3.com\/es\/wp-json\/wp\/v2\/pages\/17446"}],"collection":[{"href":"https:\/\/synt3.com\/es\/wp-json\/wp\/v2\/pages"}],"about":[{"href":"https:\/\/synt3.com\/es\/wp-json\/wp\/v2\/types\/page"}],"author":[{"embeddable":true,"href":"https:\/\/synt3.com\/es\/wp-json\/wp\/v2\/users\/2"}],"replies":[{"embeddable":true,"href":"https:\/\/synt3.com\/es\/wp-json\/wp\/v2\/comments?post=17446"}],"version-history":[{"count":11,"href":"https:\/\/synt3.com\/es\/wp-json\/wp\/v2\/pages\/17446\/revisions"}],"predecessor-version":[{"id":19780,"href":"https:\/\/synt3.com\/es\/wp-json\/wp\/v2\/pages\/17446\/revisions\/19780"}],"wp:attachment":[{"href":"https:\/\/synt3.com\/es\/wp-json\/wp\/v2\/media?parent=17446"}],"curies":[{"name":"wp","href":"https:\/\/api.w.org\/{rel}","templated":true}]}}